{"id":11,"date":"2018-03-30T08:57:47","date_gmt":"2018-03-30T06:57:47","guid":{"rendered":"https:\/\/zakr.es\/bks\/?page_id=11"},"modified":"2018-03-30T12:45:06","modified_gmt":"2018-03-30T10:45:06","slug":"kontakt","status":"publish","type":"page","link":"https:\/\/zakr.es\/bks\/kontakt\/","title":{"rendered":"Kontakt"},"content":{"rendered":"<p>Je\u015bli widzisz jakie\u015b b\u0142\u0119dy, masz dodatkowe materia\u0142y, albo po prostu chcesz si\u0119 skontaktowa\u0107 z autorem pisz na adres: rozie \/na\/ poczta, onet _ pl (do samodzielnego monta\u017cu).<\/p>\n","protected":false},"excerpt":{"rendered":"<p>Je\u015bli widzisz jakie\u015b b\u0142\u0119dy, masz dodatkowe materia\u0142y, albo po prostu chcesz si\u0119 skontaktowa\u0107 z autorem pisz na adres: rozie \/na\/ poczta, onet _ pl (do samodzielnego monta\u017cu).<\/p>\n","protected":false},"author":1,"featured_media":0,"parent":0,"menu_order":0,"comment_status":"closed","ping_status":"closed","template":"","meta":{"footnotes":""},"class_list":["post-11","page","type-page","status-publish","hentry"],"yoast_head":"<!-- This site is optimized with the Yoast SEO plugin v27.3 - https:\/\/yoast.com\/product\/yoast-seo-wordpress\/ -->\n<title>Kontakt - Bez Kr\u00f3tkich Spodni<\/title>\n<meta name=\"robots\" content=\"index, follow, max-snippet:-1, max-image-preview:large, max-video-preview:-1\" \/>\n<link rel=\"canonical\" href=\"https:\/\/zakr.es\/bks\/kontakt\/\" \/>\n<meta property=\"og:locale\" content=\"pl_PL\" \/>\n<meta property=\"og:type\" content=\"article\" \/>\n<meta property=\"og:title\" content=\"Kontakt - Bez Kr\u00f3tkich Spodni\" \/>\n<meta property=\"og:description\" content=\"Je\u015bli widzisz jakie\u015b b\u0142\u0119dy, masz dodatkowe materia\u0142y, albo po prostu chcesz si\u0119 skontaktowa\u0107 z autorem pisz na adres: rozie \/na\/ poczta, onet _ pl (do samodzielnego monta\u017cu).\" \/>\n<meta property=\"og:url\" content=\"https:\/\/zakr.es\/bks\/kontakt\/\" \/>\n<meta property=\"og:site_name\" content=\"Bez Kr\u00f3tkich Spodni\" \/>\n<meta property=\"article:modified_time\" content=\"2018-03-30T10:45:06+00:00\" \/>\n<meta name=\"twitter:card\" content=\"summary_large_image\" \/>\n<script type=\"application\/ld+json\" class=\"yoast-schema-graph\">{\"@context\":\"https:\\\/\\\/schema.org\",\"@graph\":[{\"@type\":\"WebPage\",\"@id\":\"https:\\\/\\\/zakr.es\\\/bks\\\/kontakt\\\/\",\"url\":\"https:\\\/\\\/zakr.es\\\/bks\\\/kontakt\\\/\",\"name\":\"Kontakt - Bez Kr\u00f3tkich Spodni\",\"isPartOf\":{\"@id\":\"https:\\\/\\\/zakr.es\\\/bks\\\/#website\"},\"datePublished\":\"2018-03-30T06:57:47+00:00\",\"dateModified\":\"2018-03-30T10:45:06+00:00\",\"breadcrumb\":{\"@id\":\"https:\\\/\\\/zakr.es\\\/bks\\\/kontakt\\\/#breadcrumb\"},\"inLanguage\":\"pl-PL\",\"potentialAction\":[{\"@type\":\"ReadAction\",\"target\":[\"https:\\\/\\\/zakr.es\\\/bks\\\/kontakt\\\/\"]}]},{\"@type\":\"BreadcrumbList\",\"@id\":\"https:\\\/\\\/zakr.es\\\/bks\\\/kontakt\\\/#breadcrumb\",\"itemListElement\":[{\"@type\":\"ListItem\",\"position\":1,\"name\":\"Strona g\u0142\u00f3wna\",\"item\":\"https:\\\/\\\/zakr.es\\\/bks\\\/\"},{\"@type\":\"ListItem\",\"position\":2,\"name\":\"Kontakt\"}]},{\"@type\":\"WebSite\",\"@id\":\"https:\\\/\\\/zakr.es\\\/bks\\\/#website\",\"url\":\"https:\\\/\\\/zakr.es\\\/bks\\\/\",\"name\":\"Bez Kr\u00f3tkich Spodni\",\"description\":\"Nieoficjalny blog o szczeci\u0144skiej punkowej kapeli Bez Kr\u00f3tkich Spodni\",\"potentialAction\":[{\"@type\":\"SearchAction\",\"target\":{\"@type\":\"EntryPoint\",\"urlTemplate\":\"https:\\\/\\\/zakr.es\\\/bks\\\/?s={search_term_string}\"},\"query-input\":{\"@type\":\"PropertyValueSpecification\",\"valueRequired\":true,\"valueName\":\"search_term_string\"}}],\"inLanguage\":\"pl-PL\"}]}<\/script>\n<!-- \/ Yoast SEO plugin. -->","yoast_head_json":{"title":"Kontakt - Bez Kr\u00f3tkich Spodni","robots":{"index":"index","follow":"follow","max-snippet":"max-snippet:-1","max-image-preview":"max-image-preview:large","max-video-preview":"max-video-preview:-1"},"canonical":"https:\/\/zakr.es\/bks\/kontakt\/","og_locale":"pl_PL","og_type":"article","og_title":"Kontakt - Bez Kr\u00f3tkich Spodni","og_description":"Je\u015bli widzisz jakie\u015b b\u0142\u0119dy, masz dodatkowe materia\u0142y, albo po prostu chcesz si\u0119 skontaktowa\u0107 z autorem pisz na adres: rozie \/na\/ poczta, onet _ pl (do samodzielnego monta\u017cu).","og_url":"https:\/\/zakr.es\/bks\/kontakt\/","og_site_name":"Bez Kr\u00f3tkich Spodni","article_modified_time":"2018-03-30T10:45:06+00:00","twitter_card":"summary_large_image","schema":{"@context":"https:\/\/schema.org","@graph":[{"@type":"WebPage","@id":"https:\/\/zakr.es\/bks\/kontakt\/","url":"https:\/\/zakr.es\/bks\/kontakt\/","name":"Kontakt - Bez Kr\u00f3tkich Spodni","isPartOf":{"@id":"https:\/\/zakr.es\/bks\/#website"},"datePublished":"2018-03-30T06:57:47+00:00","dateModified":"2018-03-30T10:45:06+00:00","breadcrumb":{"@id":"https:\/\/zakr.es\/bks\/kontakt\/#breadcrumb"},"inLanguage":"pl-PL","potentialAction":[{"@type":"ReadAction","target":["https:\/\/zakr.es\/bks\/kontakt\/"]}]},{"@type":"BreadcrumbList","@id":"https:\/\/zakr.es\/bks\/kontakt\/#breadcrumb","itemListElement":[{"@type":"ListItem","position":1,"name":"Strona g\u0142\u00f3wna","item":"https:\/\/zakr.es\/bks\/"},{"@type":"ListItem","position":2,"name":"Kontakt"}]},{"@type":"WebSite","@id":"https:\/\/zakr.es\/bks\/#website","url":"https:\/\/zakr.es\/bks\/","name":"Bez Kr\u00f3tkich Spodni","description":"Nieoficjalny blog o szczeci\u0144skiej punkowej kapeli Bez Kr\u00f3tkich Spodni","potentialAction":[{"@type":"SearchAction","target":{"@type":"EntryPoint","urlTemplate":"https:\/\/zakr.es\/bks\/?s={search_term_string}"},"query-input":{"@type":"PropertyValueSpecification","valueRequired":true,"valueName":"search_term_string"}}],"inLanguage":"pl-PL"}]}},"_links":{"self":[{"href":"https:\/\/zakr.es\/bks\/wp-json\/wp\/v2\/pages\/11","targetHints":{"allow":["GET"]}}],"collection":[{"href":"https:\/\/zakr.es\/bks\/wp-json\/wp\/v2\/pages"}],"about":[{"href":"https:\/\/zakr.es\/bks\/wp-json\/wp\/v2\/types\/page"}],"author":[{"embeddable":true,"href":"https:\/\/zakr.es\/bks\/wp-json\/wp\/v2\/users\/1"}],"replies":[{"embeddable":true,"href":"https:\/\/zakr.es\/bks\/wp-json\/wp\/v2\/comments?post=11"}],"version-history":[{"count":3,"href":"https:\/\/zakr.es\/bks\/wp-json\/wp\/v2\/pages\/11\/revisions"}],"predecessor-version":[{"id":135,"href":"https:\/\/zakr.es\/bks\/wp-json\/wp\/v2\/pages\/11\/revisions\/135"}],"wp:attachment":[{"href":"https:\/\/zakr.es\/bks\/wp-json\/wp\/v2\/media?parent=11"}],"curies":[{"name":"wp","href":"https:\/\/api.w.org\/{rel}","templated":true}]}}